{"id":137,"date":"2024-02-08T23:33:46","date_gmt":"2024-02-08T23:33:46","guid":{"rendered":"http:\/\/www.jesusamarrado.com\/?page_id=137"},"modified":"2024-03-27T09:27:10","modified_gmt":"2024-03-27T09:27:10","slug":"contacto","status":"publish","type":"page","link":"http:\/\/www.jesusamarrado.com\/?page_id=137","title":{"rendered":"Contacto"},"content":{"rendered":"\n<p>Ponte en contacto con nuestra Hermandad para realizar tus gestiones: dar de alta a un nuevo hermano, darte de baja, o domiciliar tus cuotas.<\/p>\n\n\n\n<p>Para otras gestiones, dir\u00edgete a los siguientes correos:<\/p>\n\n\n\n<ul class=\"wp-block-list\">\n<li class=\"has-medium-font-size\"><strong>secretario@jesusamarrado.com  <\/strong><\/li>\n\n\n\n<li>info@jesusamarrado.com  <\/li>\n<\/ul>\n\n\n\n<div style=\"height:100px\" aria-hidden=\"true\" class=\"wp-block-spacer\"><\/div>\n\n\n\n<div class=\"wp-block-group alignwide is-vertical is-layout-flex wp-container-core-group-is-layout-2d729e81 wp-block-group-is-layout-flex\">\n<div class=\"wp-block-columns is-layout-flex wp-container-core-columns-is-layout-28f84493 wp-block-columns-is-layout-flex\">\n<div class=\"wp-block-column is-layout-flow wp-block-column-is-layout-flow\">\n<p><strong><em>Alta de Hermanos<\/em><\/strong><\/p>\n\n\n\n<p>Env\u00eda la informaci\u00f3n a:<\/p>\n\n\n\n<p><strong>secretario@jesusamarrado.com<\/strong><\/p>\n\n\n\n<p>Descarga el archivo, rell\u00e9nalo:<\/p>\n\n\n\n<div class=\"wp-block-file\"><a id=\"wp-block-file--media-00cbf833-5b58-4ae8-948d-559f9a2f5a6c\" href=\"http:\/\/www.jesusamarrado.com\/wp-content\/uploads\/2024\/02\/FORMULARIO-ALTA-HERMANOS_LOPD.doc\">FORMULARIO ALTA HERMANOS NUEVOS<\/a><a href=\"http:\/\/www.jesusamarrado.com\/wp-content\/uploads\/2024\/02\/FORMULARIO-ALTA-HERMANOS_LOPD.doc\" class=\"wp-block-file__button wp-element-button\" download aria-describedby=\"wp-block-file--media-00cbf833-5b58-4ae8-948d-559f9a2f5a6c\">Descarga archivo<\/a><\/div>\n\n\n\n<div class=\"wp-block-file\"><a id=\"wp-block-file--media-d8cac532-dad9-470c-bbfc-4d25f85c6599\" href=\"http:\/\/www.jesusamarrado.com\/wp-content\/uploads\/2024\/02\/FORMULARIO-ALTA-HERMANOS_MENORES-DE-14_LOPD.doc\">FORMULARIO ALTA HERMANOS MENORES DE 14 A\u00d1OS<\/a><a href=\"http:\/\/www.jesusamarrado.com\/wp-content\/uploads\/2024\/02\/FORMULARIO-ALTA-HERMANOS_MENORES-DE-14_LOPD.doc\" class=\"wp-block-file__button wp-element-button\" download aria-describedby=\"wp-block-file--media-d8cac532-dad9-470c-bbfc-4d25f85c6599\">Descarga archivo<\/a><\/div>\n\n\n\n<div class=\"wp-block-file\"><a id=\"wp-block-file--media-b08fe77f-0662-4f34-ae0e-d2851af6d3bd\" href=\"http:\/\/www.jesusamarrado.com\/wp-content\/uploads\/2024\/02\/DECLARACION-RESPONSABLE-BAUTIZADO.doc\">DECLARACION RESPONSABLE BAUTIZADO<\/a><a href=\"http:\/\/www.jesusamarrado.com\/wp-content\/uploads\/2024\/02\/DECLARACION-RESPONSABLE-BAUTIZADO.doc\" class=\"wp-block-file__button wp-element-button\" download aria-describedby=\"wp-block-file--media-b08fe77f-0662-4f34-ae0e-d2851af6d3bd\">Descarga archivo<\/a><\/div>\n<\/div>\n\n\n\n<div class=\"wp-block-column is-layout-flow wp-block-column-is-layout-flow\">\n<p><strong><em>Baja de Hermanos<\/em><\/strong><\/p>\n\n\n\n<p>Env\u00eda la informaci\u00f3n a:<\/p>\n\n\n\n<p><strong>secretario@jesusamarrado.com<\/strong><\/p>\n\n\n\n<p>Descarga el archivo, rell\u00e9nalo:<\/p>\n\n\n\n<div class=\"wp-block-file\"><a id=\"wp-block-file--media-02acda1e-5483-427c-bd92-8de3b0af1329\" href=\"http:\/\/www.jesusamarrado.com\/wp-content\/uploads\/2024\/02\/FORMULARIO-BAJA-HERMANOS.doc\">FORMULARIO BAJA HERMANOS<\/a><a href=\"http:\/\/www.jesusamarrado.com\/wp-content\/uploads\/2024\/02\/FORMULARIO-BAJA-HERMANOS.doc\" class=\"wp-block-file__button wp-element-button\" download aria-describedby=\"wp-block-file--media-02acda1e-5483-427c-bd92-8de3b0af1329\">Descarga archivo<\/a><\/div>\n\n\n\n<p><\/p>\n<\/div>\n\n\n\n<div class=\"wp-block-column is-layout-flow wp-block-column-is-layout-flow\">\n<p><strong><em>Domiciliar cuotas<\/em><\/strong><\/p>\n\n\n\n<p>Env\u00eda la informaci\u00f3n a:<\/p>\n\n\n\n<p><strong>secretario@jesusamarrado.com<\/strong><\/p>\n\n\n\n<p>Descarga el archivo, rell\u00e9nalo:<\/p>\n\n\n\n<div data-wp-interactive=\"core\/file\" class=\"wp-block-file\"><object data-wp-bind--hidden=\"!state.hasPdfPreview\" hidden class=\"wp-block-file__embed\" data=\"http:\/\/www.jesusamarrado.com\/wp-content\/uploads\/2024\/02\/DOMICILIACION-CUOTAS_LOPD.pdf\" type=\"application\/pdf\" style=\"width:100%;height:290px\" aria-label=\"Incrustado de DOMICILIACION CUOTAS .\"><\/object><a id=\"wp-block-file--media-79cbd43e-c67f-4cef-85e4-7da4ac006172\" href=\"http:\/\/www.jesusamarrado.com\/wp-content\/uploads\/2024\/02\/DOMICILIACION-CUOTAS_LOPD.pdf\">DOMICILIACION CUOTAS <\/a><a href=\"http:\/\/www.jesusamarrado.com\/wp-content\/uploads\/2024\/02\/DOMICILIACION-CUOTAS_LOPD.pdf\" class=\"wp-block-file__button wp-element-button\" download aria-describedby=\"wp-block-file--media-79cbd43e-c67f-4cef-85e4-7da4ac006172\">Descarga archivo<\/a><\/div>\n<\/div>\n<\/div>\n<\/div>\n\n\n\n<p><\/p>\n","protected":false},"excerpt":{"rendered":"<p>Ponte en contacto con nuestra Hermandad para realizar tus gestiones: dar de alta a un nuevo hermano, darte de baja, o domiciliar tus cuotas. Para otras gestiones, dir\u00edgete a los siguientes correos: Alta de Hermanos Env\u00eda la informaci\u00f3n a: secretario@jesusamarrado.com Descarga el archivo, rell\u00e9nalo: Baja de Hermanos Env\u00eda la informaci\u00f3n a: secretario@jesusamarrado.com Descarga el archivo, [&hellip;]<\/p>\n","protected":false},"author":1,"featured_media":204,"parent":0,"menu_order":0,"comment_status":"closed","ping_status":"closed","template":"","meta":{"_eb_attr":"","footnotes":""},"class_list":["post-137","page","type-page","status-publish","has-post-thumbnail","hentry"],"_links":{"self":[{"href":"http:\/\/www.jesusamarrado.com\/index.php?rest_route=\/wp\/v2\/pages\/137","targetHints":{"allow":["GET"]}}],"collection":[{"href":"http:\/\/www.jesusamarrado.com\/index.php?rest_route=\/wp\/v2\/pages"}],"about":[{"href":"http:\/\/www.jesusamarrado.com\/index.php?rest_route=\/wp\/v2\/types\/page"}],"author":[{"embeddable":true,"href":"http:\/\/www.jesusamarrado.com\/index.php?rest_route=\/wp\/v2\/users\/1"}],"replies":[{"embeddable":true,"href":"http:\/\/www.jesusamarrado.com\/index.php?rest_route=%2Fwp%2Fv2%2Fcomments&post=137"}],"version-history":[{"count":29,"href":"http:\/\/www.jesusamarrado.com\/index.php?rest_route=\/wp\/v2\/pages\/137\/revisions"}],"predecessor-version":[{"id":302,"href":"http:\/\/www.jesusamarrado.com\/index.php?rest_route=\/wp\/v2\/pages\/137\/revisions\/302"}],"wp:featuredmedia":[{"embeddable":true,"href":"http:\/\/www.jesusamarrado.com\/index.php?rest_route=\/wp\/v2\/media\/204"}],"wp:attachment":[{"href":"http:\/\/www.jesusamarrado.com\/index.php?rest_route=%2Fwp%2Fv2%2Fmedia&parent=137"}],"curies":[{"name":"wp","href":"https:\/\/api.w.org\/{rel}","templated":true}]}}